{"id":686,"date":"2015-08-21T18:30:07","date_gmt":"2015-08-21T18:30:07","guid":{"rendered":"http:\/\/aquamassagetest.technieken.be\/atmosphere\/"},"modified":"2023-10-12T07:14:32","modified_gmt":"2023-10-12T07:14:32","slug":"sfeer","status":"publish","type":"page","link":"https:\/\/test.aquamassage.technieken.be\/fr\/sfeer\/","title":{"rendered":"sfeer"},"content":{"rendered":"<p>[vc_row][vc_column][wr_text_block page_name=&#8221;sfeer&#8221; boxsize=&#8221;col1-3&#8243; hoverback=&#8221;rgba(255,255,255,0.75)&#8221;]<\/p>\n<h2><strong>D\u00e9tendez-vous dans une ambiance relaxante et intime <\/strong><\/h2>\n<p>Votre massage sensuel vous apporte un plaisir total, \u00e0 votre propre tempo et dans un cadre s\u00fbr. OPTEZ POUR UNE CHAMBRE AVEC JACUZZI OU ATTEIGNEZ LA PL\u00c9NITUDE DANS NOTRE SAUNA.[\/wr_text_block][\/vc_column][\/vc_row][vc_row][vc_column][wr_text_block page_name=&#8221;sfeer&#8221; boxsize=&#8221;col1-3&#8243; hoverback=&#8221;rgba(255,255,255,0.75)&#8221;]<\/p>\n<h2><strong>En savoir plus sur l\u2019aquamassage<\/strong><\/h2>\n<p>L\u2019aquamassage (ou massage aquatique) combine les massages relaxants qui font notre r\u00e9putation au plaisir de plonger (au propre comme au figur\u00e9) dans nos espaces aquatiques sp\u00e9ciaux. Dot\u00e9s d\u2019un sauna et d\u2019un jacuzzi, ces espaces vous permettent de prolonger la d\u00e9tente qu\u2019apporte le massage.<\/p>\n<p>&nbsp;<\/p>\n<p><a href=\"https:\/\/aquamassagesauna.com\/massages\/?lang=fr\">D\u00e9couvrez les massages<\/a>[\/wr_text_block][\/vc_column][\/vc_row][vc_row][vc_column][wr_text_imgae_block page_name=&#8221;sfeer&#8221; boxsize=&#8221;col1-3&#8243; hoverback=&#8221;rgba(195,159,118,0.25)&#8221; image=&#8221;1999&#8243;][\/wr_text_imgae_block][\/vc_column][\/vc_row][vc_row][vc_column][wr_text_imgae_block page_name=&#8221;sfeer&#8221; boxsize=&#8221;col2-3&#8243; hoverback=&#8221;rgba(195,159,118,0.25)&#8221; image=&#8221;1989&#8243;][\/wr_text_imgae_block][\/vc_column][\/vc_row][vc_row][vc_column][wr_text_block page_name=&#8221;sfeer&#8221; class=&#8221;sfeer-plant-image&#8221; boxsize=&#8221;col1-3&#8243; hoverback=&#8221;rgba(255,255,255,0.75)&#8221; buttonlink=&#8221;#prijzen&#8221; wholebody=&#8221;st2&#8243;]<\/p>\n<h2><a href=\"https:\/\/aquamassagesauna.com\/prijzen\/?lang=fr\">Trouvez nos prix ici<\/a><\/h2>\n<div id=\"gtx-trans\" style=\"position: absolute; left: -102px; top: -4.09375px;\">\n<div class=\"gtx-trans-icon\"><\/div>\n<\/div>\n<p>[\/wr_text_block][\/vc_column][\/vc_row][vc_row][vc_column][wr_text_imgae_block page_name=&#8221;sfeer&#8221; boxsize=&#8221;col1-3&#8243; hoverback=&#8221;rgba(195,159,118,0.25)&#8221; imgclass=&#8221;sfeer-custom-image-size&#8221; image=&#8221;1977&#8243;][\/wr_text_imgae_block][\/vc_column][\/vc_row]<\/p>\n","protected":false},"excerpt":{"rendered":"<p>[vc_row][vc_column][wr_text_block page_name=&#8221;sfeer&#8221; boxsize=&#8221;col1-3&#8243; hoverback=&#8221;rgba(255,255,255,0.75)&#8221;] D\u00e9tendez-vous dans une ambiance relaxante et intime Votre massage sensuel vous apporte un plaisir total, \u00e0 [&hellip;]<\/p>\n","protected":false},"author":1,"featured_media":2892,"parent":0,"menu_order":0,"comment_status":"closed","ping_status":"closed","template":"","meta":{"site-sidebar-layout":"no-sidebar","site-content-layout":"plain-container","ast-site-content-layout":"","site-content-style":"default","site-sidebar-style":"default","ast-global-header-display":"","ast-banner-title-visibility":"","ast-main-header-display":"","ast-hfb-above-header-display":"","ast-hfb-below-header-display":"","ast-hfb-mobile-header-display":"","site-post-title":"disabled","ast-breadcrumbs-content":"","ast-featured-img":"disabled","footer-sml-layout":"","theme-transparent-header-meta":"","adv-header-id-meta":"","stick-header-meta":"","header-above-stick-meta":"","header-main-stick-meta":"","header-below-stick-meta":"","astra-migrate-meta-layouts":"default","ast-page-background-enabled":"default","ast-page-background-meta":{"desktop":{"background-color":"var(--ast-global-color-4)","background-image":"","background-repeat":"repeat","background-position":"center center","background-size":"auto","background-attachment":"scroll","background-type":"","background-media":"","overlay-type":"","overlay-color":"","overlay-opacity":"","overlay-gradient":""},"tablet":{"background-color":"","background-image":"","background-repeat":"repeat","background-position":"center center","background-size":"auto","background-attachment":"scroll","background-type":"","background-media":"","overlay-type":"","overlay-color":"","overlay-opacity":"","overlay-gradient":""},"mobile":{"background-color":"","background-image":"","background-repeat":"repeat","background-position":"center center","background-size":"auto","background-attachment":"scroll","background-type":"","background-media":"","overlay-type":"","overlay-color":"","overlay-opacity":"","overlay-gradient":""}},"ast-content-background-meta":{"desktop":{"background-color":"var(--ast-global-color-5)","background-image":"","background-repeat":"repeat","background-position":"center center","background-size":"auto","background-attachment":"scroll","background-type":"","background-media":"","overlay-type":"","overlay-color":"","overlay-opacity":"","overlay-gradient":""},"tablet":{"background-color":"var(--ast-global-color-5)","background-image":"","background-repeat":"repeat","background-position":"center center","background-size":"auto","background-attachment":"scroll","background-type":"","background-media":"","overlay-type":"","overlay-color":"","overlay-opacity":"","overlay-gradient":""},"mobile":{"background-color":"var(--ast-global-color-5)","background-image":"","background-repeat":"repeat","background-position":"center center","background-size":"auto","background-attachment":"scroll","background-type":"","background-media":"","overlay-type":"","overlay-color":"","overlay-opacity":"","overlay-gradient":""}},"footnotes":""},"class_list":["post-686","page","type-page","status-publish","has-post-thumbnail","hentry"],"yoast_head":"<!-- This site is optimized with the Yoast SEO plugin v24.7 - https:\/\/yoast.com\/wordpress\/plugins\/seo\/ -->\n<title>Kom tot rust na een erotische massage | Aqua Massage Sauna<\/title>\n<meta name=\"description\" content=\"Tijdens uw sensuele massage ontdekt u puur genot in een veilige omgeving. Achteraf kunt u gebruik maken van de jacuzzi of sauna.\" \/>\n<meta name=\"robots\" content=\"index, follow, max-snippet:-1, max-image-preview:large, max-video-preview:-1\" \/>\n<link rel=\"canonical\" href=\"https:\/\/test.aquamassage.technieken.be\/sfeer\/\" \/>\n<meta property=\"og:locale\" content=\"fr_FR\" \/>\n<meta property=\"og:type\" content=\"article\" \/>\n<meta property=\"og:title\" content=\"Kom tot rust na een erotische massage | Aqua Massage Sauna\" \/>\n<meta property=\"og:description\" content=\"Tijdens uw sensuele massage ontdekt u puur genot in een veilige omgeving. Achteraf kunt u gebruik maken van de jacuzzi of sauna.\" \/>\n<meta property=\"og:url\" content=\"https:\/\/test.aquamassage.technieken.be\/sfeer\/\" \/>\n<meta property=\"og:site_name\" content=\"AQUA MASSAGE\" \/>\n<meta property=\"article:modified_time\" content=\"2023-10-12T07:14:32+00:00\" \/>\n<meta property=\"og:image\" content=\"https:\/\/test.aquamassage.technieken.be\/wp-content\/uploads\/2023\/10\/Aqua-Massage-Sauna-2.png\" \/>\n\t<meta property=\"og:image:width\" content=\"1753\" \/>\n\t<meta property=\"og:image:height\" content=\"357\" \/>\n\t<meta property=\"og:image:type\" content=\"image\/png\" \/>\n<meta name=\"twitter:card\" content=\"summary_large_image\" \/>\n<meta name=\"twitter:label1\" content=\"Dur\u00e9e de lecture estim\u00e9e\" \/>\n\t<meta name=\"twitter:data1\" content=\"1 minute\" \/>\n<script type=\"application\/ld+json\" class=\"yoast-schema-graph\">{\"@context\":\"https:\/\/schema.org\",\"@graph\":[{\"@type\":\"WebPage\",\"@id\":\"https:\/\/test.aquamassage.technieken.be\/sfeer\/\",\"url\":\"https:\/\/test.aquamassage.technieken.be\/sfeer\/\",\"name\":\"Kom tot rust na een erotische massage | Aqua Massage Sauna\",\"isPartOf\":{\"@id\":\"https:\/\/test.aquamassage.technieken.be\/#website\"},\"primaryImageOfPage\":{\"@id\":\"https:\/\/test.aquamassage.technieken.be\/sfeer\/#primaryimage\"},\"image\":{\"@id\":\"https:\/\/test.aquamassage.technieken.be\/sfeer\/#primaryimage\"},\"thumbnailUrl\":\"https:\/\/test.aquamassage.technieken.be\/wp-content\/uploads\/2023\/10\/Aqua-Massage-Sauna-2.png\",\"datePublished\":\"2015-08-21T18:30:07+00:00\",\"dateModified\":\"2023-10-12T07:14:32+00:00\",\"description\":\"Tijdens uw sensuele massage ontdekt u puur genot in een veilige omgeving. Achteraf kunt u gebruik maken van de jacuzzi of sauna.\",\"breadcrumb\":{\"@id\":\"https:\/\/test.aquamassage.technieken.be\/sfeer\/#breadcrumb\"},\"inLanguage\":\"fr-FR\",\"potentialAction\":[{\"@type\":\"ReadAction\",\"target\":[\"https:\/\/test.aquamassage.technieken.be\/sfeer\/\"]}]},{\"@type\":\"ImageObject\",\"inLanguage\":\"fr-FR\",\"@id\":\"https:\/\/test.aquamassage.technieken.be\/sfeer\/#primaryimage\",\"url\":\"https:\/\/test.aquamassage.technieken.be\/wp-content\/uploads\/2023\/10\/Aqua-Massage-Sauna-2.png\",\"contentUrl\":\"https:\/\/test.aquamassage.technieken.be\/wp-content\/uploads\/2023\/10\/Aqua-Massage-Sauna-2.png\",\"width\":1753,\"height\":357},{\"@type\":\"BreadcrumbList\",\"@id\":\"https:\/\/test.aquamassage.technieken.be\/sfeer\/#breadcrumb\",\"itemListElement\":[{\"@type\":\"ListItem\",\"position\":1,\"name\":\"Home\",\"item\":\"https:\/\/test.aquamassage.technieken.be\/home\/\"},{\"@type\":\"ListItem\",\"position\":2,\"name\":\"sfeer\"}]},{\"@type\":\"WebSite\",\"@id\":\"https:\/\/test.aquamassage.technieken.be\/#website\",\"url\":\"https:\/\/test.aquamassage.technieken.be\/\",\"name\":\"AQUA MASSAGE\",\"description\":\"Le plaisir \u00e0 l\u2019\u00e9tat pur, au fil d\u2019un massage \u00e9rotique \u00e0 Bruxelles\",\"publisher\":{\"@id\":\"https:\/\/test.aquamassage.technieken.be\/#organization\"},\"potentialAction\":[{\"@type\":\"SearchAction\",\"target\":{\"@type\":\"EntryPoint\",\"urlTemplate\":\"https:\/\/test.aquamassage.technieken.be\/?s={search_term_string}\"},\"query-input\":{\"@type\":\"PropertyValueSpecification\",\"valueRequired\":true,\"valueName\":\"search_term_string\"}}],\"inLanguage\":\"fr-FR\"},{\"@type\":\"Organization\",\"@id\":\"https:\/\/test.aquamassage.technieken.be\/#organization\",\"name\":\"AQUA MASSAGE\",\"url\":\"https:\/\/test.aquamassage.technieken.be\/\",\"logo\":{\"@type\":\"ImageObject\",\"inLanguage\":\"fr-FR\",\"@id\":\"https:\/\/test.aquamassage.technieken.be\/#\/schema\/logo\/image\/\",\"url\":\"https:\/\/test.aquamassage.technieken.be\/wp-content\/uploads\/2019\/06\/cropped-cropped-logo2.png\",\"contentUrl\":\"https:\/\/test.aquamassage.technieken.be\/wp-content\/uploads\/2019\/06\/cropped-cropped-logo2.png\",\"width\":624,\"height\":166,\"caption\":\"AQUA MASSAGE\"},\"image\":{\"@id\":\"https:\/\/test.aquamassage.technieken.be\/#\/schema\/logo\/image\/\"}}]}<\/script>\n<!-- \/ Yoast SEO plugin. -->","yoast_head_json":{"title":"Kom tot rust na een erotische massage | Aqua Massage Sauna","description":"Tijdens uw sensuele massage ontdekt u puur genot in een veilige omgeving. Achteraf kunt u gebruik maken van de jacuzzi of sauna.","robots":{"index":"index","follow":"follow","max-snippet":"max-snippet:-1","max-image-preview":"max-image-preview:large","max-video-preview":"max-video-preview:-1"},"canonical":"https:\/\/test.aquamassage.technieken.be\/sfeer\/","og_locale":"fr_FR","og_type":"article","og_title":"Kom tot rust na een erotische massage | Aqua Massage Sauna","og_description":"Tijdens uw sensuele massage ontdekt u puur genot in een veilige omgeving. Achteraf kunt u gebruik maken van de jacuzzi of sauna.","og_url":"https:\/\/test.aquamassage.technieken.be\/sfeer\/","og_site_name":"AQUA MASSAGE","article_modified_time":"2023-10-12T07:14:32+00:00","og_image":[{"width":1753,"height":357,"url":"https:\/\/test.aquamassage.technieken.be\/wp-content\/uploads\/2023\/10\/Aqua-Massage-Sauna-2.png","type":"image\/png"}],"twitter_card":"summary_large_image","twitter_misc":{"Dur\u00e9e de lecture estim\u00e9e":"1 minute"},"schema":{"@context":"https:\/\/schema.org","@graph":[{"@type":"WebPage","@id":"https:\/\/test.aquamassage.technieken.be\/sfeer\/","url":"https:\/\/test.aquamassage.technieken.be\/sfeer\/","name":"Kom tot rust na een erotische massage | Aqua Massage Sauna","isPartOf":{"@id":"https:\/\/test.aquamassage.technieken.be\/#website"},"primaryImageOfPage":{"@id":"https:\/\/test.aquamassage.technieken.be\/sfeer\/#primaryimage"},"image":{"@id":"https:\/\/test.aquamassage.technieken.be\/sfeer\/#primaryimage"},"thumbnailUrl":"https:\/\/test.aquamassage.technieken.be\/wp-content\/uploads\/2023\/10\/Aqua-Massage-Sauna-2.png","datePublished":"2015-08-21T18:30:07+00:00","dateModified":"2023-10-12T07:14:32+00:00","description":"Tijdens uw sensuele massage ontdekt u puur genot in een veilige omgeving. Achteraf kunt u gebruik maken van de jacuzzi of sauna.","breadcrumb":{"@id":"https:\/\/test.aquamassage.technieken.be\/sfeer\/#breadcrumb"},"inLanguage":"fr-FR","potentialAction":[{"@type":"ReadAction","target":["https:\/\/test.aquamassage.technieken.be\/sfeer\/"]}]},{"@type":"ImageObject","inLanguage":"fr-FR","@id":"https:\/\/test.aquamassage.technieken.be\/sfeer\/#primaryimage","url":"https:\/\/test.aquamassage.technieken.be\/wp-content\/uploads\/2023\/10\/Aqua-Massage-Sauna-2.png","contentUrl":"https:\/\/test.aquamassage.technieken.be\/wp-content\/uploads\/2023\/10\/Aqua-Massage-Sauna-2.png","width":1753,"height":357},{"@type":"BreadcrumbList","@id":"https:\/\/test.aquamassage.technieken.be\/sfeer\/#breadcrumb","itemListElement":[{"@type":"ListItem","position":1,"name":"Home","item":"https:\/\/test.aquamassage.technieken.be\/home\/"},{"@type":"ListItem","position":2,"name":"sfeer"}]},{"@type":"WebSite","@id":"https:\/\/test.aquamassage.technieken.be\/#website","url":"https:\/\/test.aquamassage.technieken.be\/","name":"AQUA MASSAGE","description":"Le plaisir \u00e0 l\u2019\u00e9tat pur, au fil d\u2019un massage \u00e9rotique \u00e0 Bruxelles","publisher":{"@id":"https:\/\/test.aquamassage.technieken.be\/#organization"},"potentialAction":[{"@type":"SearchAction","target":{"@type":"EntryPoint","urlTemplate":"https:\/\/test.aquamassage.technieken.be\/?s={search_term_string}"},"query-input":{"@type":"PropertyValueSpecification","valueRequired":true,"valueName":"search_term_string"}}],"inLanguage":"fr-FR"},{"@type":"Organization","@id":"https:\/\/test.aquamassage.technieken.be\/#organization","name":"AQUA MASSAGE","url":"https:\/\/test.aquamassage.technieken.be\/","logo":{"@type":"ImageObject","inLanguage":"fr-FR","@id":"https:\/\/test.aquamassage.technieken.be\/#\/schema\/logo\/image\/","url":"https:\/\/test.aquamassage.technieken.be\/wp-content\/uploads\/2019\/06\/cropped-cropped-logo2.png","contentUrl":"https:\/\/test.aquamassage.technieken.be\/wp-content\/uploads\/2019\/06\/cropped-cropped-logo2.png","width":624,"height":166,"caption":"AQUA MASSAGE"},"image":{"@id":"https:\/\/test.aquamassage.technieken.be\/#\/schema\/logo\/image\/"}}]}},"_links":{"self":[{"href":"https:\/\/test.aquamassage.technieken.be\/fr\/wp-json\/wp\/v2\/pages\/686","targetHints":{"allow":["GET"]}}],"collection":[{"href":"https:\/\/test.aquamassage.technieken.be\/fr\/wp-json\/wp\/v2\/pages"}],"about":[{"href":"https:\/\/test.aquamassage.technieken.be\/fr\/wp-json\/wp\/v2\/types\/page"}],"author":[{"embeddable":true,"href":"https:\/\/test.aquamassage.technieken.be\/fr\/wp-json\/wp\/v2\/users\/1"}],"replies":[{"embeddable":true,"href":"https:\/\/test.aquamassage.technieken.be\/fr\/wp-json\/wp\/v2\/comments?post=686"}],"version-history":[{"count":16,"href":"https:\/\/test.aquamassage.technieken.be\/fr\/wp-json\/wp\/v2\/pages\/686\/revisions"}],"predecessor-version":[{"id":2877,"href":"https:\/\/test.aquamassage.technieken.be\/fr\/wp-json\/wp\/v2\/pages\/686\/revisions\/2877"}],"wp:featuredmedia":[{"embeddable":true,"href":"https:\/\/test.aquamassage.technieken.be\/fr\/wp-json\/wp\/v2\/media\/2892"}],"wp:attachment":[{"href":"https:\/\/test.aquamassage.technieken.be\/fr\/wp-json\/wp\/v2\/media?parent=686"}],"curies":[{"name":"wp","href":"https:\/\/api.w.org\/{rel}","templated":true}]}}