{"id":635,"date":"2015-08-21T18:50:48","date_gmt":"2015-08-21T18:50:48","guid":{"rendered":"http:\/\/aquamassagetest.technieken.be\/equipe\/"},"modified":"2023-10-12T07:14:17","modified_gmt":"2023-10-12T07:14:17","slug":"portfolio","status":"publish","type":"page","link":"https:\/\/test.aquamassage.technieken.be\/fr\/portfolio\/","title":{"rendered":"Team"},"content":{"rendered":"<p>[vc_row gap=&#8221;15&#8243;][vc_column width=&#8221;1\/3&#8243;][wr_single_ic_box page_name=&#8221;portfolio blond brunette exotisch home&#8221; id=&#8221;portfolio-block-general&#8221; hoverback=&#8221;#161616&#8243; bordercolors=&#8221;#161616&#8243; textcolors=&#8221;#ffffff&#8221; iconclass=&#8221;overview&#8221;]<\/p>\n<h4><a href=\"#alle\"><strong>RENCONTREZ NOS MASSEUSES<\/strong><\/a><\/h4>\n<p>Nos masseuses vous ouvrent les portes d\u2019un monde idyllique, loin de la routine quotidienne. D\u00e9couvrez le plaisir illimit\u00e9 que procurent nos massages sensuels tantra et body to body.[\/wr_single_ic_box][\/vc_column][vc_column width=&#8221;1\/3&#8243;][wr_single_ic_box page_name=&#8221;portfolio alle brunette exotisch&#8221; class=&#8221;team-tagline&#8221; hoverback=&#8221;rgba(255,255,255,0.75)&#8221; textcolors=&#8221;#000000&#8243; iconclass=&#8221;no-icon&#8221;]<\/p>\n<h4>BLOND<\/h4>\n<p><i>Blondes<\/i><em>\u00a0have more fun<\/em><\/p>\n<p>&nbsp;<\/p>\n<p>Nos masseuses blondes vous feront vivre pleinement le plaisir d\u2019un massage sensuel.<\/p>\n<p>&nbsp;<\/p>\n<p><a href=\"#blond\">Rencontrez nos filles blondes<\/a>[\/wr_single_ic_box][\/vc_column][vc_column width=&#8221;1\/3&#8243;][wr_text_imgae_block page_name=&#8221;portfolio&#8221; class=&#8221;large-team-block&#8221; boxsize=&#8221;col2-3&#8243; image=&#8221;2597&#8243;][\/wr_text_imgae_block][\/vc_column][\/vc_row][vc_row][vc_column width=&#8221;1\/3&#8243;][wr_single_ic_box page_name=&#8221;portfolio alle brunette blond&#8221; class=&#8221;team-tagline&#8221; hoverback=&#8221;rgba(255,255,255,0.75)&#8221; textcolors=&#8221;#000000&#8243; iconclass=&#8221;no-icon&#8221;]<\/p>\n<h4>EXOTIQUE<\/h4>\n<p><em>Let&#8217;s go (coco)nuts<\/em><\/p>\n<p>&nbsp;<\/p>\n<p>Nos masseuses exotiques vous emm\u00e8nent en voyage vers les \u00eeles et une \u00e9vasion du quotidien. Laissez-vous immerger dans un oc\u00e9an de d\u00e9tente en profitant de nos massages body to body pour une exp\u00e9rience inoubliable.<\/p>\n<p>&nbsp;<\/p>\n<p><a href=\"#exotisch\">Rencontrez nos filles exotiques<\/a>[\/wr_single_ic_box][\/vc_column][vc_column width=&#8221;1\/3&#8243;][wr_single_ic_box page_name=&#8221;portfolio alle blond exotisch&#8221; class=&#8221;team-tagline&#8221; hoverback=&#8221;rgba(255,255,255,0.75)&#8221; textcolors=&#8221;#000000&#8243; iconclass=&#8221;no-icon&#8221;]<\/p>\n<h4>BRUNETTE<\/h4>\n<p><em>Brunettes do it better<\/em><\/p>\n<p>&nbsp;<\/p>\n<p>Nos masseuses brunes vous plongent dans une exp\u00e9rience stimulante au terme de laquelle vous arriverez \u00e0 la d\u00e9tente absolue. Laissez-vous aller \u00e0 la r\u00eaverie tout au long d\u2019un massage intime prodigu\u00e9 par de jeunes femmes styl\u00e9es.<\/p>\n<p>&nbsp;<\/p>\n<p><a href=\"#brunette\">Rencontrez nos filles brunes<\/a>[\/wr_single_ic_box][\/vc_column][vc_column width=&#8221;1\/3&#8243;][\/vc_column][\/vc_row][vc_row][vc_column width=&#8221;1\/3&#8243;][wr_single_ic_box page_name=&#8221;portfolio&#8221; hoverback=&#8221;rgba(195,159,118,0.75)&#8221; iconclass=&#8221;smartphone&#8221;]<\/p>\n<h4>Appelez-nous pour fixer un rendez-vous ou pour plus d\u2019informations<\/h4>\n<p><a href=\"tel: +32(0)25389155\">+32 (0)2 538 91 55<\/a>[\/wr_single_ic_box][\/vc_column][vc_column width=&#8221;1\/3&#8243;][wr_single_ic_box page_name=&#8221;portfolio&#8221; hoverback=&#8221;rgba(195,159,118,0.75)&#8221; iconclass=&#8221;no-icon&#8221;]<\/p>\n<h3>Heures d\u2019ouverture<\/h3>\n<p>Tous les jours, de 11\u00a0h \u00e0 22\u00a0h.<br \/>\nSamedi et dimanche, de 12\u00a0h \u00e0 22\u00a0h.[\/wr_single_ic_box][\/vc_column][vc_column width=&#8221;1\/3&#8243;][\/vc_column][\/vc_row][vc_row][vc_column][wr_text_block page_name=&#8221;blond brunette exotisch alle&#8221; boxsize=&#8221;col1-3&#8243; hoverback=&#8221;#161616&#8243; bordercolors=&#8221;#161616&#8243; textcolors=&#8221;#ffffff&#8221;]<\/p>\n<h2><strong>Int\u00e9ress\u00e9 par un massage \u00e9rotique<\/strong><strong>\u2009<\/strong><strong>?<\/strong><\/h2>\n<p>D\u00e9couvrez les diff\u00e9rents <a href=\"#massages\">massages<\/a> que propose notre \u00e9quipe, notamment les massages tantra et les massages body to body, pour une exp\u00e9rience full body unique en son genre.[\/wr_text_block][\/vc_column][\/vc_row]<\/p>\n","protected":false},"excerpt":{"rendered":"<p>[vc_row gap=&#8221;15&#8243;][vc_column width=&#8221;1\/3&#8243;][wr_single_ic_box page_name=&#8221;portfolio blond brunette exotisch home&#8221; id=&#8221;portfolio-block-general&#8221; hoverback=&#8221;#161616&#8243; bordercolors=&#8221;#161616&#8243; textcolors=&#8221;#ffffff&#8221; iconclass=&#8221;overview&#8221;] RENCONTREZ NOS MASSEUSES Nos masseuses vous ouvrent [&hellip;]<\/p>\n","protected":false},"author":1,"featured_media":2892,"parent":0,"menu_order":0,"comment_status":"closed","ping_status":"closed","template":"","meta":{"site-sidebar-layout":"no-sidebar","site-content-layout":"plain-container","ast-site-content-layout":"","site-content-style":"default","site-sidebar-style":"default","ast-global-header-display":"","ast-banner-title-visibility":"","ast-main-header-display":"","ast-hfb-above-header-display":"","ast-hfb-below-header-display":"","ast-hfb-mobile-header-display":"","site-post-title":"disabled","ast-breadcrumbs-content":"","ast-featured-img":"disabled","footer-sml-layout":"","theme-transparent-header-meta":"","adv-header-id-meta":"","stick-header-meta":"","header-above-stick-meta":"","header-main-stick-meta":"","header-below-stick-meta":"","astra-migrate-meta-layouts":"default","ast-page-background-enabled":"default","ast-page-background-meta":{"desktop":{"background-color":"var(--ast-global-color-4)","background-image":"","background-repeat":"repeat","background-position":"center center","background-size":"auto","background-attachment":"scroll","background-type":"","background-media":"","overlay-type":"","overlay-color":"","overlay-opacity":"","overlay-gradient":""},"tablet":{"background-color":"","background-image":"","background-repeat":"repeat","background-position":"center center","background-size":"auto","background-attachment":"scroll","background-type":"","background-media":"","overlay-type":"","overlay-color":"","overlay-opacity":"","overlay-gradient":""},"mobile":{"background-color":"","background-image":"","background-repeat":"repeat","background-position":"center center","background-size":"auto","background-attachment":"scroll","background-type":"","background-media":"","overlay-type":"","overlay-color":"","overlay-opacity":"","overlay-gradient":""}},"ast-content-background-meta":{"desktop":{"background-color":"var(--ast-global-color-5)","background-image":"","background-repeat":"repeat","background-position":"center center","background-size":"auto","background-attachment":"scroll","background-type":"","background-media":"","overlay-type":"","overlay-color":"","overlay-opacity":"","overlay-gradient":""},"tablet":{"background-color":"var(--ast-global-color-5)","background-image":"","background-repeat":"repeat","background-position":"center center","background-size":"auto","background-attachment":"scroll","background-type":"","background-media":"","overlay-type":"","overlay-color":"","overlay-opacity":"","overlay-gradient":""},"mobile":{"background-color":"var(--ast-global-color-5)","background-image":"","background-repeat":"repeat","background-position":"center center","background-size":"auto","background-attachment":"scroll","background-type":"","background-media":"","overlay-type":"","overlay-color":"","overlay-opacity":"","overlay-gradient":""}},"footnotes":""},"class_list":["post-635","page","type-page","status-publish","has-post-thumbnail","hentry"],"yoast_head":"<!-- This site is optimized with the Yoast SEO plugin v24.7 - https:\/\/yoast.com\/wordpress\/plugins\/seo\/ -->\n<title>Ontmoet onze erotische masseuses | Aqua Massage Sauna<\/title>\n<meta name=\"description\" content=\"Onze masseuses staan u graag bij in het ontsnappen van de dagelijkse sleur. Ontdek het pure genot van onze sensuele tantra- &amp; body to body massages.\" \/>\n<meta name=\"robots\" content=\"index, follow, max-snippet:-1, max-image-preview:large, max-video-preview:-1\" \/>\n<link rel=\"canonical\" href=\"https:\/\/test.aquamassage.technieken.be\/portfolio\/\" \/>\n<meta property=\"og:locale\" content=\"fr_FR\" \/>\n<meta property=\"og:type\" content=\"article\" \/>\n<meta property=\"og:title\" content=\"Ontmoet onze erotische masseuses | Aqua Massage Sauna\" \/>\n<meta property=\"og:description\" content=\"Onze masseuses staan u graag bij in het ontsnappen van de dagelijkse sleur. Ontdek het pure genot van onze sensuele tantra- &amp; body to body massages.\" \/>\n<meta property=\"og:url\" content=\"https:\/\/test.aquamassage.technieken.be\/portfolio\/\" \/>\n<meta property=\"og:site_name\" content=\"AQUA MASSAGE\" \/>\n<meta property=\"article:modified_time\" content=\"2023-10-12T07:14:17+00:00\" \/>\n<meta property=\"og:image\" content=\"https:\/\/test.aquamassage.technieken.be\/wp-content\/uploads\/2023\/10\/Aqua-Massage-Sauna-2.png\" \/>\n\t<meta property=\"og:image:width\" content=\"1753\" \/>\n\t<meta property=\"og:image:height\" content=\"357\" \/>\n\t<meta property=\"og:image:type\" content=\"image\/png\" \/>\n<meta name=\"twitter:card\" content=\"summary_large_image\" \/>\n<meta name=\"twitter:label1\" content=\"Dur\u00e9e de lecture estim\u00e9e\" \/>\n\t<meta name=\"twitter:data1\" content=\"2 minutes\" \/>\n<script type=\"application\/ld+json\" class=\"yoast-schema-graph\">{\"@context\":\"https:\/\/schema.org\",\"@graph\":[{\"@type\":\"WebPage\",\"@id\":\"https:\/\/test.aquamassage.technieken.be\/portfolio\/\",\"url\":\"https:\/\/test.aquamassage.technieken.be\/portfolio\/\",\"name\":\"Ontmoet onze erotische masseuses | Aqua Massage Sauna\",\"isPartOf\":{\"@id\":\"https:\/\/test.aquamassage.technieken.be\/#website\"},\"primaryImageOfPage\":{\"@id\":\"https:\/\/test.aquamassage.technieken.be\/portfolio\/#primaryimage\"},\"image\":{\"@id\":\"https:\/\/test.aquamassage.technieken.be\/portfolio\/#primaryimage\"},\"thumbnailUrl\":\"https:\/\/test.aquamassage.technieken.be\/wp-content\/uploads\/2023\/10\/Aqua-Massage-Sauna-2.png\",\"datePublished\":\"2015-08-21T18:50:48+00:00\",\"dateModified\":\"2023-10-12T07:14:17+00:00\",\"description\":\"Onze masseuses staan u graag bij in het ontsnappen van de dagelijkse sleur. Ontdek het pure genot van onze sensuele tantra- & body to body massages.\",\"breadcrumb\":{\"@id\":\"https:\/\/test.aquamassage.technieken.be\/portfolio\/#breadcrumb\"},\"inLanguage\":\"fr-FR\",\"potentialAction\":[{\"@type\":\"ReadAction\",\"target\":[\"https:\/\/test.aquamassage.technieken.be\/portfolio\/\"]}]},{\"@type\":\"ImageObject\",\"inLanguage\":\"fr-FR\",\"@id\":\"https:\/\/test.aquamassage.technieken.be\/portfolio\/#primaryimage\",\"url\":\"https:\/\/test.aquamassage.technieken.be\/wp-content\/uploads\/2023\/10\/Aqua-Massage-Sauna-2.png\",\"contentUrl\":\"https:\/\/test.aquamassage.technieken.be\/wp-content\/uploads\/2023\/10\/Aqua-Massage-Sauna-2.png\",\"width\":1753,\"height\":357},{\"@type\":\"BreadcrumbList\",\"@id\":\"https:\/\/test.aquamassage.technieken.be\/portfolio\/#breadcrumb\",\"itemListElement\":[{\"@type\":\"ListItem\",\"position\":1,\"name\":\"Home\",\"item\":\"https:\/\/test.aquamassage.technieken.be\/home\/\"},{\"@type\":\"ListItem\",\"position\":2,\"name\":\"Team\"}]},{\"@type\":\"WebSite\",\"@id\":\"https:\/\/test.aquamassage.technieken.be\/#website\",\"url\":\"https:\/\/test.aquamassage.technieken.be\/\",\"name\":\"AQUA MASSAGE\",\"description\":\"Le plaisir \u00e0 l\u2019\u00e9tat pur, au fil d\u2019un massage \u00e9rotique \u00e0 Bruxelles\",\"publisher\":{\"@id\":\"https:\/\/test.aquamassage.technieken.be\/#organization\"},\"potentialAction\":[{\"@type\":\"SearchAction\",\"target\":{\"@type\":\"EntryPoint\",\"urlTemplate\":\"https:\/\/test.aquamassage.technieken.be\/?s={search_term_string}\"},\"query-input\":{\"@type\":\"PropertyValueSpecification\",\"valueRequired\":true,\"valueName\":\"search_term_string\"}}],\"inLanguage\":\"fr-FR\"},{\"@type\":\"Organization\",\"@id\":\"https:\/\/test.aquamassage.technieken.be\/#organization\",\"name\":\"AQUA MASSAGE\",\"url\":\"https:\/\/test.aquamassage.technieken.be\/\",\"logo\":{\"@type\":\"ImageObject\",\"inLanguage\":\"fr-FR\",\"@id\":\"https:\/\/test.aquamassage.technieken.be\/#\/schema\/logo\/image\/\",\"url\":\"https:\/\/test.aquamassage.technieken.be\/wp-content\/uploads\/2019\/06\/cropped-cropped-logo2.png\",\"contentUrl\":\"https:\/\/test.aquamassage.technieken.be\/wp-content\/uploads\/2019\/06\/cropped-cropped-logo2.png\",\"width\":624,\"height\":166,\"caption\":\"AQUA MASSAGE\"},\"image\":{\"@id\":\"https:\/\/test.aquamassage.technieken.be\/#\/schema\/logo\/image\/\"}}]}<\/script>\n<!-- \/ Yoast SEO plugin. -->","yoast_head_json":{"title":"Ontmoet onze erotische masseuses | Aqua Massage Sauna","description":"Onze masseuses staan u graag bij in het ontsnappen van de dagelijkse sleur. Ontdek het pure genot van onze sensuele tantra- & body to body massages.","robots":{"index":"index","follow":"follow","max-snippet":"max-snippet:-1","max-image-preview":"max-image-preview:large","max-video-preview":"max-video-preview:-1"},"canonical":"https:\/\/test.aquamassage.technieken.be\/portfolio\/","og_locale":"fr_FR","og_type":"article","og_title":"Ontmoet onze erotische masseuses | Aqua Massage Sauna","og_description":"Onze masseuses staan u graag bij in het ontsnappen van de dagelijkse sleur. Ontdek het pure genot van onze sensuele tantra- & body to body massages.","og_url":"https:\/\/test.aquamassage.technieken.be\/portfolio\/","og_site_name":"AQUA MASSAGE","article_modified_time":"2023-10-12T07:14:17+00:00","og_image":[{"width":1753,"height":357,"url":"https:\/\/test.aquamassage.technieken.be\/wp-content\/uploads\/2023\/10\/Aqua-Massage-Sauna-2.png","type":"image\/png"}],"twitter_card":"summary_large_image","twitter_misc":{"Dur\u00e9e de lecture estim\u00e9e":"2 minutes"},"schema":{"@context":"https:\/\/schema.org","@graph":[{"@type":"WebPage","@id":"https:\/\/test.aquamassage.technieken.be\/portfolio\/","url":"https:\/\/test.aquamassage.technieken.be\/portfolio\/","name":"Ontmoet onze erotische masseuses | Aqua Massage Sauna","isPartOf":{"@id":"https:\/\/test.aquamassage.technieken.be\/#website"},"primaryImageOfPage":{"@id":"https:\/\/test.aquamassage.technieken.be\/portfolio\/#primaryimage"},"image":{"@id":"https:\/\/test.aquamassage.technieken.be\/portfolio\/#primaryimage"},"thumbnailUrl":"https:\/\/test.aquamassage.technieken.be\/wp-content\/uploads\/2023\/10\/Aqua-Massage-Sauna-2.png","datePublished":"2015-08-21T18:50:48+00:00","dateModified":"2023-10-12T07:14:17+00:00","description":"Onze masseuses staan u graag bij in het ontsnappen van de dagelijkse sleur. Ontdek het pure genot van onze sensuele tantra- & body to body massages.","breadcrumb":{"@id":"https:\/\/test.aquamassage.technieken.be\/portfolio\/#breadcrumb"},"inLanguage":"fr-FR","potentialAction":[{"@type":"ReadAction","target":["https:\/\/test.aquamassage.technieken.be\/portfolio\/"]}]},{"@type":"ImageObject","inLanguage":"fr-FR","@id":"https:\/\/test.aquamassage.technieken.be\/portfolio\/#primaryimage","url":"https:\/\/test.aquamassage.technieken.be\/wp-content\/uploads\/2023\/10\/Aqua-Massage-Sauna-2.png","contentUrl":"https:\/\/test.aquamassage.technieken.be\/wp-content\/uploads\/2023\/10\/Aqua-Massage-Sauna-2.png","width":1753,"height":357},{"@type":"BreadcrumbList","@id":"https:\/\/test.aquamassage.technieken.be\/portfolio\/#breadcrumb","itemListElement":[{"@type":"ListItem","position":1,"name":"Home","item":"https:\/\/test.aquamassage.technieken.be\/home\/"},{"@type":"ListItem","position":2,"name":"Team"}]},{"@type":"WebSite","@id":"https:\/\/test.aquamassage.technieken.be\/#website","url":"https:\/\/test.aquamassage.technieken.be\/","name":"AQUA MASSAGE","description":"Le plaisir \u00e0 l\u2019\u00e9tat pur, au fil d\u2019un massage \u00e9rotique \u00e0 Bruxelles","publisher":{"@id":"https:\/\/test.aquamassage.technieken.be\/#organization"},"potentialAction":[{"@type":"SearchAction","target":{"@type":"EntryPoint","urlTemplate":"https:\/\/test.aquamassage.technieken.be\/?s={search_term_string}"},"query-input":{"@type":"PropertyValueSpecification","valueRequired":true,"valueName":"search_term_string"}}],"inLanguage":"fr-FR"},{"@type":"Organization","@id":"https:\/\/test.aquamassage.technieken.be\/#organization","name":"AQUA MASSAGE","url":"https:\/\/test.aquamassage.technieken.be\/","logo":{"@type":"ImageObject","inLanguage":"fr-FR","@id":"https:\/\/test.aquamassage.technieken.be\/#\/schema\/logo\/image\/","url":"https:\/\/test.aquamassage.technieken.be\/wp-content\/uploads\/2019\/06\/cropped-cropped-logo2.png","contentUrl":"https:\/\/test.aquamassage.technieken.be\/wp-content\/uploads\/2019\/06\/cropped-cropped-logo2.png","width":624,"height":166,"caption":"AQUA MASSAGE"},"image":{"@id":"https:\/\/test.aquamassage.technieken.be\/#\/schema\/logo\/image\/"}}]}},"_links":{"self":[{"href":"https:\/\/test.aquamassage.technieken.be\/fr\/wp-json\/wp\/v2\/pages\/635","targetHints":{"allow":["GET"]}}],"collection":[{"href":"https:\/\/test.aquamassage.technieken.be\/fr\/wp-json\/wp\/v2\/pages"}],"about":[{"href":"https:\/\/test.aquamassage.technieken.be\/fr\/wp-json\/wp\/v2\/types\/page"}],"author":[{"embeddable":true,"href":"https:\/\/test.aquamassage.technieken.be\/fr\/wp-json\/wp\/v2\/users\/1"}],"replies":[{"embeddable":true,"href":"https:\/\/test.aquamassage.technieken.be\/fr\/wp-json\/wp\/v2\/comments?post=635"}],"version-history":[{"count":23,"href":"https:\/\/test.aquamassage.technieken.be\/fr\/wp-json\/wp\/v2\/pages\/635\/revisions"}],"predecessor-version":[{"id":2874,"href":"https:\/\/test.aquamassage.technieken.be\/fr\/wp-json\/wp\/v2\/pages\/635\/revisions\/2874"}],"wp:featuredmedia":[{"embeddable":true,"href":"https:\/\/test.aquamassage.technieken.be\/fr\/wp-json\/wp\/v2\/media\/2892"}],"wp:attachment":[{"href":"https:\/\/test.aquamassage.technieken.be\/fr\/wp-json\/wp\/v2\/media?parent=635"}],"curies":[{"name":"wp","href":"https:\/\/api.w.org\/{rel}","templated":true}]}}