{"id":615,"date":"2015-08-21T18:20:00","date_gmt":"2015-08-21T18:20:00","guid":{"rendered":"http:\/\/aquamassagetest.technieken.be\/massages\/"},"modified":"2023-10-04T09:30:00","modified_gmt":"2023-10-04T09:30:00","slug":"massages","status":"publish","type":"page","link":"https:\/\/test.aquamassage.technieken.be\/fr\/massages\/","title":{"rendered":"Massages"},"content":{"rendered":"<p>[vc_row][vc_column][wr_text_block page_name=&#8221;massages&#8221; boxsize=&#8221;col1-3&#8243; hoverback=&#8221;#161616&#8243; bordercolors=&#8221;#161616&#8243; textcolors=&#8221;#ffffff&#8221; buttontext=&#8221;Contactez-nous&#8221; buttonlink=&#8221;#contact&#8221;]<\/p>\n<h4>Vous souhaitez plus d\u2019informations\u2009?<\/h4>\n<p>Vous souhaitez plus d\u2019informations\u2009?<\/p>\n<p>Il vous reste des questions sur nos massages tantra ou body to body\u2009? Prenez contact avec nous\u2009!<\/p>\n<p>[\/wr_text_block][\/vc_column][\/vc_row][vc_row][vc_column][wr_text_imgae_block page_name=&#8221;massages&#8221; class=&#8221;custom-massage-image&#8221; boxsize=&#8221;col2-3&#8243; image=&#8221;2094&#8243;][\/wr_text_imgae_block][\/vc_column][\/vc_row][vc_row][vc_column][wr_text_block page_name=&#8221;massages&#8221; boxsize=&#8221;col1-3&#8243; title=&#8221;MASSAGE TANTRA \u00c0 L\u2019HUILE&#8221; hoverback=&#8221;rgba(255,255,255,0.75)&#8221; buttontext=&#8221;Prenez votre rendez-vous&#8221; buttonlink=&#8221;https:\/\/aquamassagesauna.com\/#contact&#8221;]Ce massage tantra \u00e0 l\u2019huile commence par une douche avec la masseuse. Apr\u00e8s un gommage, vous b\u00e9n\u00e9ficiez d\u2019un irr\u00e9sistible massage \u00e0 l\u2019huile chaude. L\u2019id\u00e9al pour prendre soin de la peau, mais aussi pour renforcer la stimulation sensuelle. L\u2019huile a un effet d\u00e9sinhibant qui vous invite au l\u00e2cher-prise total.<\/p>\n<p>[\/wr_text_block][\/vc_column][\/vc_row][vc_row][vc_column][wr_text_block page_name=&#8221;massages&#8221; boxsize=&#8221;col1-3&#8243; title=&#8221;MASSAGE TANTRA AQUA&#8221; hoverback=&#8221;rgba(255,255,255,0.75)&#8221; buttontext=&#8221;Prenez votre rendez-vous&#8221; buttonlink=&#8221;https:\/\/aquamassagesauna.com\/#contact&#8221;]L\u2019aqua tantra est un massage \u00e9rotique body to body combin\u00e9 au plaisir qu\u2019apporte l\u2019eau. L\u2019eau chaude coule sur votre corps tout au long du massage et vous ouvre les portes d\u2019une douce \u00e9vasion pour un contraste saisissant avec le monde toujours plus fr\u00e9n\u00e9tique dans lequel nous vivons. \u00c0 vous de choisir entre le massage tantra classique et le Tantra De Luxe avec jacuzzi, un peeling et une boisson.[\/wr_text_block][\/vc_column][\/vc_row][vc_row][vc_column][wr_text_block page_name=&#8221;massages&#8221; class=&#8221;custom-block-1&#8243; boxsize=&#8221;col1-3&#8243; title=&#8221;MASSAGE TANTRA \u00c9NERGIE&#8221; hoverback=&#8221;rgba(255,255,255,0.75)&#8221; buttontext=&#8221;Prenez votre rendez-vous&#8221; buttonlink=&#8221;https:\/\/aquamassagesauna.com\/#contact&#8221;]Cette exp\u00e9rience full body se compose de touchers ultral\u00e9gers, prodigu\u00e9s en douceur et avec tendresse par des mains expertes dans l\u2019art de l\u2019\u00e9rotisme. Tout au long de ce massage, laissez-vous envahir par une sensation unique de renouveau, qui maximisera vos \u00e9nergies positives. Ce massage stimule vos flux int\u00e9rieurs d\u2019\u00e9nergie. L\u2019id\u00e9al pour doper vos performances.[\/wr_text_block][\/vc_column][\/vc_row][vc_row][vc_column][wr_text_imgae_block page_name=&#8221;massages&#8221; class=&#8221;height-fix sauna-text&#8221; boxsize=&#8221;col1-3&#8243; image=&#8221;2240&#8243;]Vous pouvez toujours vous d\u00e9tendre au sauna apr\u00e8s le massage.[\/wr_text_imgae_block][\/vc_column][\/vc_row][vc_row][vc_column][wr_single_ic_box page_name=&#8221;massages&#8221; hoverback=&#8221;#000000&#8243; bordercolors=&#8221;#000000&#8243; textcolors=&#8221;#ffffff&#8221; iconclass=&#8221;overview&#8221;]<\/p>\n<h4><a href=\"https:\/\/aquamassagesauna.com\/?lang=fr#alle\"><strong>RENCONTREZ NOS MASSEUSES<\/strong><\/a><\/h4>\n<h4><\/h4>\n<p>Nos masseuses vous ouvrent les portes d\u2019un monde idyllique, loin de la routine quotidienne. D\u00e9couvrez le plaisir illimit\u00e9 que procurent nos massages sensuels tantra et body to body.[\/wr_single_ic_box][\/vc_column][\/vc_row]<\/p>\n","protected":false},"excerpt":{"rendered":"<p>[vc_row][vc_column][wr_text_block page_name=&#8221;massages&#8221; boxsize=&#8221;col1-3&#8243; hoverback=&#8221;#161616&#8243; bordercolors=&#8221;#161616&#8243; textcolors=&#8221;#ffffff&#8221; buttontext=&#8221;Contactez-nous&#8221; buttonlink=&#8221;#contact&#8221;] Vous souhaitez plus d\u2019informations\u2009? Vous souhaitez plus d\u2019informations\u2009? Il vous reste des [&hellip;]<\/p>\n","protected":false},"author":1,"featured_media":616,"parent":0,"menu_order":0,"comment_status":"closed","ping_status":"closed","template":"","meta":{"site-sidebar-layout":"default","site-content-layout":"","ast-site-content-layout":"","site-content-style":"default","site-sidebar-style":"default","ast-global-header-display":"","ast-banner-title-visibility":"","ast-main-header-display":"","ast-hfb-above-header-display":"","ast-hfb-below-header-display":"","ast-hfb-mobile-header-display":"","site-post-title":"","ast-breadcrumbs-content":"","ast-featured-img":"disabled","footer-sml-layout":"","theme-transparent-header-meta":"","adv-header-id-meta":"","stick-header-meta":"","header-above-stick-meta":"","header-main-stick-meta":"","header-below-stick-meta":"","astra-migrate-meta-layouts":"default","ast-page-background-enabled":"default","ast-page-background-meta":{"desktop":{"background-color":"var(--ast-global-color-4)","background-image":"","background-repeat":"repeat","background-position":"center center","background-size":"auto","background-attachment":"scroll","background-type":"","background-media":"","overlay-type":"","overlay-color":"","overlay-opacity":"","overlay-gradient":""},"tablet":{"background-color":"","background-image":"","background-repeat":"repeat","background-position":"center center","background-size":"auto","background-attachment":"scroll","background-type":"","background-media":"","overlay-type":"","overlay-color":"","overlay-opacity":"","overlay-gradient":""},"mobile":{"background-color":"","background-image":"","background-repeat":"repeat","background-position":"center center","background-size":"auto","background-attachment":"scroll","background-type":"","background-media":"","overlay-type":"","overlay-color":"","overlay-opacity":"","overlay-gradient":""}},"ast-content-background-meta":{"desktop":{"background-color":"var(--ast-global-color-5)","background-image":"","background-repeat":"repeat","background-position":"center center","background-size":"auto","background-attachment":"scroll","background-type":"","background-media":"","overlay-type":"","overlay-color":"","overlay-opacity":"","overlay-gradient":""},"tablet":{"background-color":"var(--ast-global-color-5)","background-image":"","background-repeat":"repeat","background-position":"center center","background-size":"auto","background-attachment":"scroll","background-type":"","background-media":"","overlay-type":"","overlay-color":"","overlay-opacity":"","overlay-gradient":""},"mobile":{"background-color":"var(--ast-global-color-5)","background-image":"","background-repeat":"repeat","background-position":"center center","background-size":"auto","background-attachment":"scroll","background-type":"","background-media":"","overlay-type":"","overlay-color":"","overlay-opacity":"","overlay-gradient":""}},"footnotes":""},"class_list":["post-615","page","type-page","status-publish","has-post-thumbnail","hentry"],"yoast_head":"<!-- This site is optimized with the Yoast SEO plugin v24.7 - https:\/\/yoast.com\/wordpress\/plugins\/seo\/ -->\n<title>Tantramassages en body to body massages | Aqua Massage Sauna<\/title>\n<meta name=\"description\" content=\"Zin in een erotische tantramassage waarbij onze masseuses u sensueel verwennen? Ontdek welke tantramassages u met onze dames kunt beleven.\" \/>\n<meta name=\"robots\" content=\"index, follow, max-snippet:-1, max-image-preview:large, max-video-preview:-1\" \/>\n<link rel=\"canonical\" href=\"https:\/\/test.aquamassage.technieken.be\/massages\/\" \/>\n<meta property=\"og:locale\" content=\"fr_FR\" \/>\n<meta property=\"og:type\" content=\"article\" \/>\n<meta property=\"og:title\" content=\"Tantramassages en body to body massages | Aqua Massage Sauna\" \/>\n<meta property=\"og:description\" content=\"Zin in een erotische tantramassage waarbij onze masseuses u sensueel verwennen? Ontdek welke tantramassages u met onze dames kunt beleven.\" \/>\n<meta property=\"og:url\" content=\"https:\/\/test.aquamassage.technieken.be\/massages\/\" \/>\n<meta property=\"og:site_name\" content=\"AQUA MASSAGE\" \/>\n<meta property=\"article:modified_time\" content=\"2023-10-04T09:30:00+00:00\" \/>\n<meta property=\"og:image\" content=\"https:\/\/test.aquamassage.technieken.be\/wp-content\/uploads\/2019\/06\/shutterstock_43125877kopie2.jpg\" \/>\n\t<meta property=\"og:image:width\" content=\"651\" \/>\n\t<meta property=\"og:image:height\" content=\"583\" \/>\n\t<meta property=\"og:image:type\" content=\"image\/jpeg\" \/>\n<meta name=\"twitter:card\" content=\"summary_large_image\" \/>\n<meta name=\"twitter:label1\" content=\"Dur\u00e9e de lecture estim\u00e9e\" \/>\n\t<meta name=\"twitter:data1\" content=\"2 minutes\" \/>\n<script type=\"application\/ld+json\" class=\"yoast-schema-graph\">{\"@context\":\"https:\/\/schema.org\",\"@graph\":[{\"@type\":\"WebPage\",\"@id\":\"https:\/\/test.aquamassage.technieken.be\/massages\/\",\"url\":\"https:\/\/test.aquamassage.technieken.be\/massages\/\",\"name\":\"Tantramassages en body to body massages | Aqua Massage Sauna\",\"isPartOf\":{\"@id\":\"https:\/\/test.aquamassage.technieken.be\/#website\"},\"primaryImageOfPage\":{\"@id\":\"https:\/\/test.aquamassage.technieken.be\/massages\/#primaryimage\"},\"image\":{\"@id\":\"https:\/\/test.aquamassage.technieken.be\/massages\/#primaryimage\"},\"thumbnailUrl\":\"https:\/\/test.aquamassage.technieken.be\/wp-content\/uploads\/2019\/06\/shutterstock_43125877kopie2.jpg\",\"datePublished\":\"2015-08-21T18:20:00+00:00\",\"dateModified\":\"2023-10-04T09:30:00+00:00\",\"description\":\"Zin in een erotische tantramassage waarbij onze masseuses u sensueel verwennen? Ontdek welke tantramassages u met onze dames kunt beleven.\",\"breadcrumb\":{\"@id\":\"https:\/\/test.aquamassage.technieken.be\/massages\/#breadcrumb\"},\"inLanguage\":\"fr-FR\",\"potentialAction\":[{\"@type\":\"ReadAction\",\"target\":[\"https:\/\/test.aquamassage.technieken.be\/massages\/\"]}]},{\"@type\":\"ImageObject\",\"inLanguage\":\"fr-FR\",\"@id\":\"https:\/\/test.aquamassage.technieken.be\/massages\/#primaryimage\",\"url\":\"https:\/\/test.aquamassage.technieken.be\/wp-content\/uploads\/2019\/06\/shutterstock_43125877kopie2.jpg\",\"contentUrl\":\"https:\/\/test.aquamassage.technieken.be\/wp-content\/uploads\/2019\/06\/shutterstock_43125877kopie2.jpg\",\"width\":651,\"height\":583},{\"@type\":\"BreadcrumbList\",\"@id\":\"https:\/\/test.aquamassage.technieken.be\/massages\/#breadcrumb\",\"itemListElement\":[{\"@type\":\"ListItem\",\"position\":1,\"name\":\"Home\",\"item\":\"https:\/\/test.aquamassage.technieken.be\/home\/\"},{\"@type\":\"ListItem\",\"position\":2,\"name\":\"Massages\"}]},{\"@type\":\"WebSite\",\"@id\":\"https:\/\/test.aquamassage.technieken.be\/#website\",\"url\":\"https:\/\/test.aquamassage.technieken.be\/\",\"name\":\"AQUA MASSAGE\",\"description\":\"Le plaisir \u00e0 l\u2019\u00e9tat pur, au fil d\u2019un massage \u00e9rotique \u00e0 Bruxelles\",\"publisher\":{\"@id\":\"https:\/\/test.aquamassage.technieken.be\/#organization\"},\"potentialAction\":[{\"@type\":\"SearchAction\",\"target\":{\"@type\":\"EntryPoint\",\"urlTemplate\":\"https:\/\/test.aquamassage.technieken.be\/?s={search_term_string}\"},\"query-input\":{\"@type\":\"PropertyValueSpecification\",\"valueRequired\":true,\"valueName\":\"search_term_string\"}}],\"inLanguage\":\"fr-FR\"},{\"@type\":\"Organization\",\"@id\":\"https:\/\/test.aquamassage.technieken.be\/#organization\",\"name\":\"AQUA MASSAGE\",\"url\":\"https:\/\/test.aquamassage.technieken.be\/\",\"logo\":{\"@type\":\"ImageObject\",\"inLanguage\":\"fr-FR\",\"@id\":\"https:\/\/test.aquamassage.technieken.be\/#\/schema\/logo\/image\/\",\"url\":\"https:\/\/test.aquamassage.technieken.be\/wp-content\/uploads\/2019\/06\/cropped-cropped-logo2.png\",\"contentUrl\":\"https:\/\/test.aquamassage.technieken.be\/wp-content\/uploads\/2019\/06\/cropped-cropped-logo2.png\",\"width\":624,\"height\":166,\"caption\":\"AQUA MASSAGE\"},\"image\":{\"@id\":\"https:\/\/test.aquamassage.technieken.be\/#\/schema\/logo\/image\/\"}}]}<\/script>\n<!-- \/ Yoast SEO plugin. -->","yoast_head_json":{"title":"Tantramassages en body to body massages | Aqua Massage Sauna","description":"Zin in een erotische tantramassage waarbij onze masseuses u sensueel verwennen? Ontdek welke tantramassages u met onze dames kunt beleven.","robots":{"index":"index","follow":"follow","max-snippet":"max-snippet:-1","max-image-preview":"max-image-preview:large","max-video-preview":"max-video-preview:-1"},"canonical":"https:\/\/test.aquamassage.technieken.be\/massages\/","og_locale":"fr_FR","og_type":"article","og_title":"Tantramassages en body to body massages | Aqua Massage Sauna","og_description":"Zin in een erotische tantramassage waarbij onze masseuses u sensueel verwennen? Ontdek welke tantramassages u met onze dames kunt beleven.","og_url":"https:\/\/test.aquamassage.technieken.be\/massages\/","og_site_name":"AQUA MASSAGE","article_modified_time":"2023-10-04T09:30:00+00:00","og_image":[{"width":651,"height":583,"url":"https:\/\/test.aquamassage.technieken.be\/wp-content\/uploads\/2019\/06\/shutterstock_43125877kopie2.jpg","type":"image\/jpeg"}],"twitter_card":"summary_large_image","twitter_misc":{"Dur\u00e9e de lecture estim\u00e9e":"2 minutes"},"schema":{"@context":"https:\/\/schema.org","@graph":[{"@type":"WebPage","@id":"https:\/\/test.aquamassage.technieken.be\/massages\/","url":"https:\/\/test.aquamassage.technieken.be\/massages\/","name":"Tantramassages en body to body massages | Aqua Massage Sauna","isPartOf":{"@id":"https:\/\/test.aquamassage.technieken.be\/#website"},"primaryImageOfPage":{"@id":"https:\/\/test.aquamassage.technieken.be\/massages\/#primaryimage"},"image":{"@id":"https:\/\/test.aquamassage.technieken.be\/massages\/#primaryimage"},"thumbnailUrl":"https:\/\/test.aquamassage.technieken.be\/wp-content\/uploads\/2019\/06\/shutterstock_43125877kopie2.jpg","datePublished":"2015-08-21T18:20:00+00:00","dateModified":"2023-10-04T09:30:00+00:00","description":"Zin in een erotische tantramassage waarbij onze masseuses u sensueel verwennen? Ontdek welke tantramassages u met onze dames kunt beleven.","breadcrumb":{"@id":"https:\/\/test.aquamassage.technieken.be\/massages\/#breadcrumb"},"inLanguage":"fr-FR","potentialAction":[{"@type":"ReadAction","target":["https:\/\/test.aquamassage.technieken.be\/massages\/"]}]},{"@type":"ImageObject","inLanguage":"fr-FR","@id":"https:\/\/test.aquamassage.technieken.be\/massages\/#primaryimage","url":"https:\/\/test.aquamassage.technieken.be\/wp-content\/uploads\/2019\/06\/shutterstock_43125877kopie2.jpg","contentUrl":"https:\/\/test.aquamassage.technieken.be\/wp-content\/uploads\/2019\/06\/shutterstock_43125877kopie2.jpg","width":651,"height":583},{"@type":"BreadcrumbList","@id":"https:\/\/test.aquamassage.technieken.be\/massages\/#breadcrumb","itemListElement":[{"@type":"ListItem","position":1,"name":"Home","item":"https:\/\/test.aquamassage.technieken.be\/home\/"},{"@type":"ListItem","position":2,"name":"Massages"}]},{"@type":"WebSite","@id":"https:\/\/test.aquamassage.technieken.be\/#website","url":"https:\/\/test.aquamassage.technieken.be\/","name":"AQUA MASSAGE","description":"Le plaisir \u00e0 l\u2019\u00e9tat pur, au fil d\u2019un massage \u00e9rotique \u00e0 Bruxelles","publisher":{"@id":"https:\/\/test.aquamassage.technieken.be\/#organization"},"potentialAction":[{"@type":"SearchAction","target":{"@type":"EntryPoint","urlTemplate":"https:\/\/test.aquamassage.technieken.be\/?s={search_term_string}"},"query-input":{"@type":"PropertyValueSpecification","valueRequired":true,"valueName":"search_term_string"}}],"inLanguage":"fr-FR"},{"@type":"Organization","@id":"https:\/\/test.aquamassage.technieken.be\/#organization","name":"AQUA MASSAGE","url":"https:\/\/test.aquamassage.technieken.be\/","logo":{"@type":"ImageObject","inLanguage":"fr-FR","@id":"https:\/\/test.aquamassage.technieken.be\/#\/schema\/logo\/image\/","url":"https:\/\/test.aquamassage.technieken.be\/wp-content\/uploads\/2019\/06\/cropped-cropped-logo2.png","contentUrl":"https:\/\/test.aquamassage.technieken.be\/wp-content\/uploads\/2019\/06\/cropped-cropped-logo2.png","width":624,"height":166,"caption":"AQUA MASSAGE"},"image":{"@id":"https:\/\/test.aquamassage.technieken.be\/#\/schema\/logo\/image\/"}}]}},"_links":{"self":[{"href":"https:\/\/test.aquamassage.technieken.be\/fr\/wp-json\/wp\/v2\/pages\/615","targetHints":{"allow":["GET"]}}],"collection":[{"href":"https:\/\/test.aquamassage.technieken.be\/fr\/wp-json\/wp\/v2\/pages"}],"about":[{"href":"https:\/\/test.aquamassage.technieken.be\/fr\/wp-json\/wp\/v2\/types\/page"}],"author":[{"embeddable":true,"href":"https:\/\/test.aquamassage.technieken.be\/fr\/wp-json\/wp\/v2\/users\/1"}],"replies":[{"embeddable":true,"href":"https:\/\/test.aquamassage.technieken.be\/fr\/wp-json\/wp\/v2\/comments?post=615"}],"version-history":[{"count":14,"href":"https:\/\/test.aquamassage.technieken.be\/fr\/wp-json\/wp\/v2\/pages\/615\/revisions"}],"predecessor-version":[{"id":2881,"href":"https:\/\/test.aquamassage.technieken.be\/fr\/wp-json\/wp\/v2\/pages\/615\/revisions\/2881"}],"wp:featuredmedia":[{"embeddable":true,"href":"https:\/\/test.aquamassage.technieken.be\/fr\/wp-json\/wp\/v2\/media\/616"}],"wp:attachment":[{"href":"https:\/\/test.aquamassage.technieken.be\/fr\/wp-json\/wp\/v2\/media?parent=615"}],"curies":[{"name":"wp","href":"https:\/\/api.w.org\/{rel}","templated":true}]}}