{"id":562,"date":"2015-08-21T18:10:38","date_gmt":"2015-08-21T18:10:38","guid":{"rendered":"http:\/\/aquamassagetest.technieken.be\/maison\/"},"modified":"2023-10-04T09:02:27","modified_gmt":"2023-10-04T09:02:27","slug":"home","status":"publish","type":"page","link":"https:\/\/test.aquamassage.technieken.be\/fr\/","title":{"rendered":"Home"},"content":{"rendered":"<p>[vc_row equal_height=&#8221;yes&#8221;][vc_column][wr_videobox page_name=&#8221;home sfeer videoID&#8221; boxwidth=&#8221;col2-3&#8243; boxheight=&#8221;double&#8221;]https:\/\/aquamassagesauna.com\/wp-content\/uploads\/2023\/04\/Aquamassage_v3_C_1-1.mp4[\/wr_videobox][\/vc_column][\/vc_row][vc_row][vc_column][wr_map page_name=&#8221;home contact prices&#8221; mapurl=&#8221;https:\/\/www.google.com\/maps\/place\/Aqua+Massage+Sauna\/@50.8297177,4.3529042,17z\/data=!4m13!1m7!3m6!1s0x47c3c461d2f2afc5:0x51a61736612c65e0!2sSt.Bernardusstraat+19,+1060+Sint-Gillis!3b1!8m2!3d50.8297143!4d4.3550929!3m4!1s0x47c3c4602b532bad:0x40d16236ebfb5fd5!8m2!3d50.829782!4d4.355364&#8243;]<\/p>\n<h3>Nous sommes situ\u00e9s \u00e0 Bruxelles<\/h3>\n<p>Rue Saint-Bernard 19<\/p>\n<p>1060 Saint-Gilles<\/p>\n<p>+32 (0)2 538 91 55[\/wr_map][\/vc_column][\/vc_row][vc_row full_height=&#8221;yes&#8221; columns_placement=&#8221;stretch&#8221;][vc_column][wr_text_imgae_block page_name=&#8221;home&#8221; boxsize=&#8221;col1-3&#8243; image=&#8221;2230&#8243;][\/wr_text_imgae_block][\/vc_column][\/vc_row][vc_row][vc_column][wr_text_block page_name=&#8221;home&#8221; boxsize=&#8221;col2-3&#8243; title=&#8221;AQUA MASSAGE&#8221; hoverback=&#8221;rgba(255,255,255,0.75)&#8221; buttontext=&#8221;Prenez votre rendez-vous&#8221; buttonlink=&#8221;#contact&#8221;]<\/p>\n<h2>Exp\u00e9rience full body et massages \u00e9rotiques uniques dans des espaces aquatiques sp\u00e9ciaux<\/h2>\n<p>Profitez pleinement de nos massages tantra et body to body. B\u00e9n\u00e9ficiez d\u2019une d\u00e9tente optimale en combinant nos massages avec une s\u00e9ance de sauna ou de jacuzzi.<\/p>\n<p>Outre la qualit\u00e9 de nos prestations, l\u2019hygi\u00e8ne et la discr\u00e9tion sont les points forts de notre salon de massage. Vous y \u00eates le bienvenu avec ou sans rendez-vous. Nos masseuses multilingues y sont \u00e0 votre service.<\/p>\n<p>[\/wr_text_block][\/vc_column][\/vc_row][vc_row][vc_column][wr_text_imgae_block page_name=&#8221;home&#8221; class=&#8221;height-fix no-uppcase&#8221; boxsize=&#8221;col1-3&#8243; image=&#8221;2576&#8243;][\/wr_text_imgae_block][\/vc_column][\/vc_row][vc_row][vc_column][wr_single_ic_box page_name=&#8221;contact home&#8221; hoverback=&#8221;rgba(195,159,118,0.75)&#8221; iconclass=&#8221;time&#8221;]<\/p>\n<h3>Heures d\u2019ouverture<\/h3>\n<p>Tous les jours, de 11\u00a0h \u00e0 22\u00a0h.<br \/>\nSamedi et dimanche, de 12\u00a0h \u00e0 22\u00a0h.[\/wr_single_ic_box][\/vc_column][\/vc_row][vc_row][vc_column][wr_text_imgae_block page_name=&#8221;home&#8221; class=&#8221;height-fix no-uppcase&#8221; boxsize=&#8221;col1-3&#8243; image=&#8221;2552&#8243;][\/wr_text_imgae_block][\/vc_column][vc_column][wr_text_block page_name=&#8221;home&#8221; class=&#8221;large-block-fix&#8221; boxsize=&#8221;col1-3&#8243; title=&#8221;D\u00e9couvrez notre gamme de massages sensuels tantra et body to body&#8221; hoverback=&#8221;rgba(255,255,255,0.75)&#8221; buttontext=&#8221;D\u00e9couvrez les massages&#8221; buttonlink=&#8221;#massages&#8221;]<\/p>\n<h3><\/h3>\n<p>&nbsp;<\/p>\n<h3>Plongez dans l\u2019univers magique du massage tantra.<\/h3>\n<p>&nbsp;<\/p>\n<p>Vous b\u00e9n\u00e9ficiez pleinement d\u2019un massage tantra \u00e9rotique, \u00e9ventuellement suivi d\u2019un moment de d\u00e9tente au sauna ou dans le jacuzzi.<\/p>\n<p>Une exp\u00e9rience id\u00e9ale pour stimuler tous vos sens.<\/p>\n<p>[\/wr_text_block][\/vc_column][\/vc_row][vc_row][vc_column][wr_text_block page_name=&#8221;home&#8221; boxsize=&#8221;col1-3&#8243; hoverback=&#8221;#161616&#8243; bordercolors=&#8221;#161616&#8243; textcolors=&#8221;#ffffff&#8221; buttontext=&#8221;Contactez-nous&#8221; buttonlink=&#8221;#contact&#8221;]<\/p>\n<h4>Vous souhaitez plus d\u2019informations?<\/h4>\n<p>[\/wr_text_block][wr_single_ic_box page_name=&#8221;home&#8221; hoverback=&#8221;rgba(195,159,118,0.75)&#8221; iconclass=&#8221;no-icon&#8221;]<\/p>\n<h3><strong>Stationnement discret<\/strong><\/h3>\n<p>Nous mettons un parking souterrain privatif \u00e0 la disposition de nos clients.[\/wr_single_ic_box][wr_text_imgae_block page_name=&#8221;home&#8221; class=&#8221;height-fix no-uppcase&#8221; boxsize=&#8221;col2-3&#8243; image=&#8221;2516&#8243;][\/wr_text_imgae_block][wr_single_ic_box page_name=&#8221;home contact sfeer&#8221; id=&#8221;call-cat&#8221; hoverback=&#8221;rgba(195,159,118,0.75)&#8221; iconclass=&#8221;smartphone&#8221;]<\/p>\n<h4>Appelez-nous pour fixer un rendez-vous ou pour plus d\u2019informations<\/h4>\n<p><a href=\"tel: +32(0)25389155\">+32 (0)2 538 91 55<\/a>[\/wr_single_ic_box][\/vc_column][\/vc_row][vc_row][vc_column][wr_text_imgae_block page_name=&#8221;home&#8221; id=&#8221;ontdek-large-img&#8221; class=&#8221;height-fix no-uppcase&#8221; boxsize=&#8221;col2-3&#8243; image=&#8221;1977&#8243;]<\/p>\n<p style=\"text-align: left;\">Nos masseuses vous permettent de vous d\u00e9tendre compl\u00e8tement et d\u2019\u00e9chapper au train-train quotidien.<\/p>\n<p style=\"text-align: left;\">Aquamassage vous propose les services de diff\u00e9rentes masseuses.<\/p>\n<p>&nbsp;<\/p>\n<p style=\"text-align: left;\"><u><\/u><u><a href=\"https:\/\/aquamassagesauna.com\/?lang=fr#portfolio\">D\u00e9couvrez nos masseuses<\/a><\/u><\/p>\n<p>[\/wr_text_imgae_block][wr_text_block page_name=&#8221;home&#8221; id=&#8221;nurugel-id&#8221; boxsize=&#8221;col1-3&#8243; title=&#8221;NOUVEAU&#8221; hoverback=&#8221;rgba(255,255,255,0.75)&#8221; buttontext=&#8221;D\u00e9couvrez nos massages&#8221; buttonlink=&#8221;#massages&#8221;]<\/p>\n<h2>Le massage nuru au gel pour un plaisir sensuel supr\u00eame<\/h2>\n<p>&nbsp;<\/p>\n<p>Ce massage \u00e9rotique effectu\u00e9 avec tout le corps vous r\u00e9serve une d\u00e9tente totale. L\u2019extr\u00eame douceur et l\u2019intimit\u00e9 unique qu\u2019apporte le gel vous stimulent \u00e0 atteindre et vivre des apoth\u00e9oses in\u00e9dites.<\/p>\n<p>[\/wr_text_block][\/vc_column][\/vc_row]<\/p>\n","protected":false},"excerpt":{"rendered":"<p>[vc_row equal_height=&#8221;yes&#8221;][vc_column][wr_videobox page_name=&#8221;home sfeer videoID&#8221; boxwidth=&#8221;col2-3&#8243; boxheight=&#8221;double&#8221;]https:\/\/aquamassagesauna.com\/wp-content\/uploads\/2023\/04\/Aquamassage_v3_C_1-1.mp4[\/wr_videobox][\/vc_column][\/vc_row][vc_row][vc_column][wr_map page_name=&#8221;home contact prices&#8221; mapurl=&#8221;https:\/\/www.google.com\/maps\/place\/Aqua+Massage+Sauna\/@50.8297177,4.3529042,17z\/data=!4m13!1m7!3m6!1s0x47c3c461d2f2afc5:0x51a61736612c65e0!2sSt.Bernardusstraat+19,+1060+Sint-Gillis!3b1!8m2!3d50.8297143!4d4.3550929!3m4!1s0x47c3c4602b532bad:0x40d16236ebfb5fd5!8m2!3d50.829782!4d4.355364&#8243;] Nous sommes situ\u00e9s \u00e0 Bruxelles Rue Saint-Bernard 19 1060 [&hellip;]<\/p>\n","protected":false},"author":1,"featured_media":2892,"parent":0,"menu_order":0,"comment_status":"closed","ping_status":"closed","template":"","meta":{"site-sidebar-layout":"no-sidebar","site-content-layout":"plain-container","ast-site-content-layout":"default","site-content-style":"default","site-sidebar-style":"default","ast-global-header-display":"","ast-banner-title-visibility":"","ast-main-header-display":"","ast-hfb-above-header-display":"","ast-hfb-below-header-display":"","ast-hfb-mobile-header-display":"","site-post-title":"disabled","ast-breadcrumbs-content":"","ast-featured-img":"disabled","footer-sml-layout":"","theme-transparent-header-meta":"default","adv-header-id-meta":"","stick-header-meta":"","header-above-stick-meta":"","header-main-stick-meta":"","header-below-stick-meta":"","astra-migrate-meta-layouts":"default","ast-page-background-enabled":"default","ast-page-background-meta":{"desktop":{"background-color":"var(--ast-global-color-4)","background-image":"","background-repeat":"repeat","background-position":"center center","background-size":"auto","background-attachment":"scroll","background-type":"","background-media":"","overlay-type":"","overlay-color":"","overlay-opacity":"","overlay-gradient":""},"tablet":{"background-color":"","background-image":"","background-repeat":"repeat","background-position":"center center","background-size":"auto","background-attachment":"scroll","background-type":"","background-media":"","overlay-type":"","overlay-color":"","overlay-opacity":"","overlay-gradient":""},"mobile":{"background-color":"","background-image":"","background-repeat":"repeat","background-position":"center center","background-size":"auto","background-attachment":"scroll","background-type":"","background-media":"","overlay-type":"","overlay-color":"","overlay-opacity":"","overlay-gradient":""}},"ast-content-background-meta":{"desktop":{"background-color":"var(--ast-global-color-5)","background-image":"","background-repeat":"repeat","background-position":"center center","background-size":"auto","background-attachment":"scroll","background-type":"","background-media":"","overlay-type":"","overlay-color":"","overlay-opacity":"","overlay-gradient":""},"tablet":{"background-color":"var(--ast-global-color-5)","background-image":"","background-repeat":"repeat","background-position":"center center","background-size":"auto","background-attachment":"scroll","background-type":"","background-media":"","overlay-type":"","overlay-color":"","overlay-opacity":"","overlay-gradient":""},"mobile":{"background-color":"var(--ast-global-color-5)","background-image":"","background-repeat":"repeat","background-position":"center center","background-size":"auto","background-attachment":"scroll","background-type":"","background-media":"","overlay-type":"","overlay-color":"","overlay-opacity":"","overlay-gradient":""}},"footnotes":""},"class_list":["post-562","page","type-page","status-publish","has-post-thumbnail","hentry"],"yoast_head":"<!-- This site is optimized with the Yoast SEO plugin v24.7 - https:\/\/yoast.com\/wordpress\/plugins\/seo\/ -->\n<title>Massages \u00e9rotiques full body dans des espaces aquatiques uniques<\/title>\n<meta name=\"description\" content=\"Profitez pleinement de nos massages tantriques et body to body. \u00c0 combiner avec un sauna ou un jacuzzi pour une d\u00e9tente totale. Accueil sans rendez-vous.\" \/>\n<meta name=\"robots\" content=\"index, follow, max-snippet:-1, max-image-preview:large, max-video-preview:-1\" \/>\n<link rel=\"canonical\" href=\"https:\/\/test.aquamassage.technieken.be\/home\/\" \/>\n<meta property=\"og:locale\" content=\"fr_FR\" \/>\n<meta property=\"og:type\" content=\"article\" \/>\n<meta property=\"og:title\" content=\"Massages \u00e9rotiques full body dans des espaces aquatiques uniques\" \/>\n<meta property=\"og:description\" content=\"Profitez pleinement de nos massages tantriques et body to body. \u00c0 combiner avec un sauna ou un jacuzzi pour une d\u00e9tente totale. Accueil sans rendez-vous.\" \/>\n<meta property=\"og:url\" content=\"https:\/\/test.aquamassage.technieken.be\/home\/\" \/>\n<meta property=\"og:site_name\" content=\"AQUA MASSAGE\" \/>\n<meta property=\"article:modified_time\" content=\"2023-10-04T09:02:27+00:00\" \/>\n<meta property=\"og:image\" content=\"https:\/\/test.aquamassage.technieken.be\/wp-content\/uploads\/2023\/10\/Aqua-Massage-Sauna-2.png\" \/>\n\t<meta property=\"og:image:width\" content=\"1753\" \/>\n\t<meta property=\"og:image:height\" content=\"357\" \/>\n\t<meta property=\"og:image:type\" content=\"image\/png\" \/>\n<meta name=\"twitter:card\" content=\"summary_large_image\" \/>\n<meta name=\"twitter:label1\" content=\"Dur\u00e9e de lecture estim\u00e9e\" \/>\n\t<meta name=\"twitter:data1\" content=\"3 minutes\" \/>\n<script type=\"application\/ld+json\" class=\"yoast-schema-graph\">{\"@context\":\"https:\/\/schema.org\",\"@graph\":[{\"@type\":\"WebPage\",\"@id\":\"https:\/\/test.aquamassage.technieken.be\/home\/\",\"url\":\"https:\/\/test.aquamassage.technieken.be\/home\/\",\"name\":\"Massages \u00e9rotiques full body dans des espaces aquatiques uniques\",\"isPartOf\":{\"@id\":\"https:\/\/test.aquamassage.technieken.be\/#website\"},\"primaryImageOfPage\":{\"@id\":\"https:\/\/test.aquamassage.technieken.be\/home\/#primaryimage\"},\"image\":{\"@id\":\"https:\/\/test.aquamassage.technieken.be\/home\/#primaryimage\"},\"thumbnailUrl\":\"https:\/\/test.aquamassage.technieken.be\/wp-content\/uploads\/2023\/10\/Aqua-Massage-Sauna-2.png\",\"datePublished\":\"2015-08-21T18:10:38+00:00\",\"dateModified\":\"2023-10-04T09:02:27+00:00\",\"description\":\"Profitez pleinement de nos massages tantriques et body to body. \u00c0 combiner avec un sauna ou un jacuzzi pour une d\u00e9tente totale. Accueil sans rendez-vous.\",\"breadcrumb\":{\"@id\":\"https:\/\/test.aquamassage.technieken.be\/home\/#breadcrumb\"},\"inLanguage\":\"fr-FR\",\"potentialAction\":[{\"@type\":\"ReadAction\",\"target\":[\"https:\/\/test.aquamassage.technieken.be\/home\/\"]}]},{\"@type\":\"ImageObject\",\"inLanguage\":\"fr-FR\",\"@id\":\"https:\/\/test.aquamassage.technieken.be\/home\/#primaryimage\",\"url\":\"https:\/\/test.aquamassage.technieken.be\/wp-content\/uploads\/2023\/10\/Aqua-Massage-Sauna-2.png\",\"contentUrl\":\"https:\/\/test.aquamassage.technieken.be\/wp-content\/uploads\/2023\/10\/Aqua-Massage-Sauna-2.png\",\"width\":1753,\"height\":357},{\"@type\":\"BreadcrumbList\",\"@id\":\"https:\/\/test.aquamassage.technieken.be\/home\/#breadcrumb\",\"itemListElement\":[{\"@type\":\"ListItem\",\"position\":1,\"name\":\"Home\",\"item\":\"https:\/\/test.aquamassage.technieken.be\/home\/\"},{\"@type\":\"ListItem\",\"position\":2,\"name\":\"Home\"}]},{\"@type\":\"WebSite\",\"@id\":\"https:\/\/test.aquamassage.technieken.be\/#website\",\"url\":\"https:\/\/test.aquamassage.technieken.be\/\",\"name\":\"AQUA MASSAGE\",\"description\":\"Le plaisir \u00e0 l\u2019\u00e9tat pur, au fil d\u2019un massage \u00e9rotique \u00e0 Bruxelles\",\"publisher\":{\"@id\":\"https:\/\/test.aquamassage.technieken.be\/#organization\"},\"potentialAction\":[{\"@type\":\"SearchAction\",\"target\":{\"@type\":\"EntryPoint\",\"urlTemplate\":\"https:\/\/test.aquamassage.technieken.be\/?s={search_term_string}\"},\"query-input\":{\"@type\":\"PropertyValueSpecification\",\"valueRequired\":true,\"valueName\":\"search_term_string\"}}],\"inLanguage\":\"fr-FR\"},{\"@type\":\"Organization\",\"@id\":\"https:\/\/test.aquamassage.technieken.be\/#organization\",\"name\":\"AQUA MASSAGE\",\"url\":\"https:\/\/test.aquamassage.technieken.be\/\",\"logo\":{\"@type\":\"ImageObject\",\"inLanguage\":\"fr-FR\",\"@id\":\"https:\/\/test.aquamassage.technieken.be\/#\/schema\/logo\/image\/\",\"url\":\"https:\/\/test.aquamassage.technieken.be\/wp-content\/uploads\/2019\/06\/cropped-cropped-logo2.png\",\"contentUrl\":\"https:\/\/test.aquamassage.technieken.be\/wp-content\/uploads\/2019\/06\/cropped-cropped-logo2.png\",\"width\":624,\"height\":166,\"caption\":\"AQUA MASSAGE\"},\"image\":{\"@id\":\"https:\/\/test.aquamassage.technieken.be\/#\/schema\/logo\/image\/\"}}]}<\/script>\n<!-- \/ Yoast SEO plugin. -->","yoast_head_json":{"title":"Massages \u00e9rotiques full body dans des espaces aquatiques uniques","description":"Profitez pleinement de nos massages tantriques et body to body. \u00c0 combiner avec un sauna ou un jacuzzi pour une d\u00e9tente totale. Accueil sans rendez-vous.","robots":{"index":"index","follow":"follow","max-snippet":"max-snippet:-1","max-image-preview":"max-image-preview:large","max-video-preview":"max-video-preview:-1"},"canonical":"https:\/\/test.aquamassage.technieken.be\/home\/","og_locale":"fr_FR","og_type":"article","og_title":"Massages \u00e9rotiques full body dans des espaces aquatiques uniques","og_description":"Profitez pleinement de nos massages tantriques et body to body. \u00c0 combiner avec un sauna ou un jacuzzi pour une d\u00e9tente totale. Accueil sans rendez-vous.","og_url":"https:\/\/test.aquamassage.technieken.be\/home\/","og_site_name":"AQUA MASSAGE","article_modified_time":"2023-10-04T09:02:27+00:00","og_image":[{"width":1753,"height":357,"url":"https:\/\/test.aquamassage.technieken.be\/wp-content\/uploads\/2023\/10\/Aqua-Massage-Sauna-2.png","type":"image\/png"}],"twitter_card":"summary_large_image","twitter_misc":{"Dur\u00e9e de lecture estim\u00e9e":"3 minutes"},"schema":{"@context":"https:\/\/schema.org","@graph":[{"@type":"WebPage","@id":"https:\/\/test.aquamassage.technieken.be\/home\/","url":"https:\/\/test.aquamassage.technieken.be\/home\/","name":"Massages \u00e9rotiques full body dans des espaces aquatiques uniques","isPartOf":{"@id":"https:\/\/test.aquamassage.technieken.be\/#website"},"primaryImageOfPage":{"@id":"https:\/\/test.aquamassage.technieken.be\/home\/#primaryimage"},"image":{"@id":"https:\/\/test.aquamassage.technieken.be\/home\/#primaryimage"},"thumbnailUrl":"https:\/\/test.aquamassage.technieken.be\/wp-content\/uploads\/2023\/10\/Aqua-Massage-Sauna-2.png","datePublished":"2015-08-21T18:10:38+00:00","dateModified":"2023-10-04T09:02:27+00:00","description":"Profitez pleinement de nos massages tantriques et body to body. \u00c0 combiner avec un sauna ou un jacuzzi pour une d\u00e9tente totale. Accueil sans rendez-vous.","breadcrumb":{"@id":"https:\/\/test.aquamassage.technieken.be\/home\/#breadcrumb"},"inLanguage":"fr-FR","potentialAction":[{"@type":"ReadAction","target":["https:\/\/test.aquamassage.technieken.be\/home\/"]}]},{"@type":"ImageObject","inLanguage":"fr-FR","@id":"https:\/\/test.aquamassage.technieken.be\/home\/#primaryimage","url":"https:\/\/test.aquamassage.technieken.be\/wp-content\/uploads\/2023\/10\/Aqua-Massage-Sauna-2.png","contentUrl":"https:\/\/test.aquamassage.technieken.be\/wp-content\/uploads\/2023\/10\/Aqua-Massage-Sauna-2.png","width":1753,"height":357},{"@type":"BreadcrumbList","@id":"https:\/\/test.aquamassage.technieken.be\/home\/#breadcrumb","itemListElement":[{"@type":"ListItem","position":1,"name":"Home","item":"https:\/\/test.aquamassage.technieken.be\/home\/"},{"@type":"ListItem","position":2,"name":"Home"}]},{"@type":"WebSite","@id":"https:\/\/test.aquamassage.technieken.be\/#website","url":"https:\/\/test.aquamassage.technieken.be\/","name":"AQUA MASSAGE","description":"Le plaisir \u00e0 l\u2019\u00e9tat pur, au fil d\u2019un massage \u00e9rotique \u00e0 Bruxelles","publisher":{"@id":"https:\/\/test.aquamassage.technieken.be\/#organization"},"potentialAction":[{"@type":"SearchAction","target":{"@type":"EntryPoint","urlTemplate":"https:\/\/test.aquamassage.technieken.be\/?s={search_term_string}"},"query-input":{"@type":"PropertyValueSpecification","valueRequired":true,"valueName":"search_term_string"}}],"inLanguage":"fr-FR"},{"@type":"Organization","@id":"https:\/\/test.aquamassage.technieken.be\/#organization","name":"AQUA MASSAGE","url":"https:\/\/test.aquamassage.technieken.be\/","logo":{"@type":"ImageObject","inLanguage":"fr-FR","@id":"https:\/\/test.aquamassage.technieken.be\/#\/schema\/logo\/image\/","url":"https:\/\/test.aquamassage.technieken.be\/wp-content\/uploads\/2019\/06\/cropped-cropped-logo2.png","contentUrl":"https:\/\/test.aquamassage.technieken.be\/wp-content\/uploads\/2019\/06\/cropped-cropped-logo2.png","width":624,"height":166,"caption":"AQUA MASSAGE"},"image":{"@id":"https:\/\/test.aquamassage.technieken.be\/#\/schema\/logo\/image\/"}}]}},"_links":{"self":[{"href":"https:\/\/test.aquamassage.technieken.be\/fr\/wp-json\/wp\/v2\/pages\/562","targetHints":{"allow":["GET"]}}],"collection":[{"href":"https:\/\/test.aquamassage.technieken.be\/fr\/wp-json\/wp\/v2\/pages"}],"about":[{"href":"https:\/\/test.aquamassage.technieken.be\/fr\/wp-json\/wp\/v2\/types\/page"}],"author":[{"embeddable":true,"href":"https:\/\/test.aquamassage.technieken.be\/fr\/wp-json\/wp\/v2\/users\/1"}],"replies":[{"embeddable":true,"href":"https:\/\/test.aquamassage.technieken.be\/fr\/wp-json\/wp\/v2\/comments?post=562"}],"version-history":[{"count":41,"href":"https:\/\/test.aquamassage.technieken.be\/fr\/wp-json\/wp\/v2\/pages\/562\/revisions"}],"predecessor-version":[{"id":2861,"href":"https:\/\/test.aquamassage.technieken.be\/fr\/wp-json\/wp\/v2\/pages\/562\/revisions\/2861"}],"wp:featuredmedia":[{"embeddable":true,"href":"https:\/\/test.aquamassage.technieken.be\/fr\/wp-json\/wp\/v2\/media\/2892"}],"wp:attachment":[{"href":"https:\/\/test.aquamassage.technieken.be\/fr\/wp-json\/wp\/v2\/media?parent=562"}],"curies":[{"name":"wp","href":"https:\/\/api.w.org\/{rel}","templated":true}]}}